{"id":696,"date":"2021-04-13T12:57:06","date_gmt":"2021-04-13T12:57:06","guid":{"rendered":"https:\/\/www.cristina-flamenco.ch\/carmen-fernandez\/"},"modified":"2022-08-17T13:46:36","modified_gmt":"2022-08-17T13:46:36","slug":"carmen-fernandez","status":"publish","type":"page","link":"https:\/\/www.cristina-flamenco.ch\/es\/carmen-fernandez\/","title":{"rendered":"Carmen Fern\u00e1ndez"},"content":{"rendered":"\n<div class=\"wp-block-media-text alignwide has-media-on-the-right is-stacked-on-mobile\"><figure class=\"wp-block-media-text__media\"><img loading=\"lazy\" decoding=\"async\" width=\"683\" height=\"1024\" src=\"https:\/\/www.cristina-flamenco.ch\/wp-content\/uploads\/2021\/04\/2016_tarde_flamenca_basel__7-683x1024.jpg\" alt=\"\" class=\"wp-image-666 size-full\" srcset=\"https:\/\/www.cristina-flamenco.ch\/wp-content\/uploads\/2021\/04\/2016_tarde_flamenca_basel__7-683x1024.jpg 683w, https:\/\/www.cristina-flamenco.ch\/wp-content\/uploads\/2021\/04\/2016_tarde_flamenca_basel__7-200x300.jpg 200w, https:\/\/www.cristina-flamenco.ch\/wp-content\/uploads\/2021\/04\/2016_tarde_flamenca_basel__7-768x1152.jpg 768w, https:\/\/www.cristina-flamenco.ch\/wp-content\/uploads\/2021\/04\/2016_tarde_flamenca_basel__7-1024x1536.jpg 1024w, https:\/\/www.cristina-flamenco.ch\/wp-content\/uploads\/2021\/04\/2016_tarde_flamenca_basel__7-1365x2048.jpg 1365w, https:\/\/www.cristina-flamenco.ch\/wp-content\/uploads\/2021\/04\/2016_tarde_flamenca_basel__7.jpg 1600w\" sizes=\"auto, (max-width: 683px) 100vw, 683px\" \/><\/figure><div class=\"wp-block-media-text__content\">\n<p class=\"has-normal-font-size\">Carmen Fern\u00e1ndez Castillo. Cantaora, hija de padre bailaor y madre cantaora, de la dinast\u00eda de Juan Talega. Desde 2004 dando vueltas por el mundo, habiendo visitado&nbsp;17 pa\u00edses con este arte, acompa\u00f1ando con su cante a flamencos de renombre, con 3 CDs propios en el mercado y 5 CDs de colaboraciones. \u00a1Lo m\u00edo es sentir, expresar y compartir! \u00a1Gracias al p\u00fablico, que siempre est\u00e1!<br><a href=\"mailto:utreratrajani@gmail.com\">utreratrajano@gmail.com<\/a><\/p>\n<\/div><\/div>\n","protected":false},"excerpt":{"rendered":"<p>Carmen Fern\u00e1ndez Castillo. Cantaora, hija de padre bailaor y madre cantaora, de la dinast\u00eda de Juan Talega. Desde 2004 dando vueltas por el mundo, habiendo &hellip;<\/p>\n","protected":false},"author":1,"featured_media":667,"parent":0,"menu_order":100,"comment_status":"closed","ping_status":"closed","template":"","meta":{"footnotes":""},"class_list":["post-696","page","type-page","status-publish","has-post-thumbnail","hentry"],"_links":{"self":[{"href":"https:\/\/www.cristina-flamenco.ch\/es\/wp-json\/wp\/v2\/pages\/696","targetHints":{"allow":["GET"]}}],"collection":[{"href":"https:\/\/www.cristina-flamenco.ch\/es\/wp-json\/wp\/v2\/pages"}],"about":[{"href":"https:\/\/www.cristina-flamenco.ch\/es\/wp-json\/wp\/v2\/types\/page"}],"author":[{"embeddable":true,"href":"https:\/\/www.cristina-flamenco.ch\/es\/wp-json\/wp\/v2\/users\/1"}],"replies":[{"embeddable":true,"href":"https:\/\/www.cristina-flamenco.ch\/es\/wp-json\/wp\/v2\/comments?post=696"}],"version-history":[{"count":4,"href":"https:\/\/www.cristina-flamenco.ch\/es\/wp-json\/wp\/v2\/pages\/696\/revisions"}],"predecessor-version":[{"id":1269,"href":"https:\/\/www.cristina-flamenco.ch\/es\/wp-json\/wp\/v2\/pages\/696\/revisions\/1269"}],"wp:featuredmedia":[{"embeddable":true,"href":"https:\/\/www.cristina-flamenco.ch\/es\/wp-json\/wp\/v2\/media\/667"}],"wp:attachment":[{"href":"https:\/\/www.cristina-flamenco.ch\/es\/wp-json\/wp\/v2\/media?parent=696"}],"curies":[{"name":"wp","href":"https:\/\/api.w.org\/{rel}","templated":true}]}}