{"id":697,"date":"2021-04-13T09:54:40","date_gmt":"2021-04-13T09:54:40","guid":{"rendered":"https:\/\/www.cristina-flamenco.ch\/silvia-chanivet\/"},"modified":"2022-08-17T13:49:58","modified_gmt":"2022-08-17T13:49:58","slug":"silvia-chanivet","status":"publish","type":"page","link":"https:\/\/www.cristina-flamenco.ch\/es\/silvia-chanivet\/","title":{"rendered":"Silvia Chanivet"},"content":{"rendered":"\n<div class=\"wp-block-media-text alignwide has-media-on-the-right is-stacked-on-mobile\"><figure class=\"wp-block-media-text__media\"><img loading=\"lazy\" decoding=\"async\" width=\"512\" height=\"768\" src=\"https:\/\/www.cristina-flamenco.ch\/wp-content\/uploads\/2021\/04\/2017_nocheflamenca-baden_080.jpg\" alt=\"\" class=\"wp-image-632 size-full\" srcset=\"https:\/\/www.cristina-flamenco.ch\/wp-content\/uploads\/2021\/04\/2017_nocheflamenca-baden_080.jpg 512w, https:\/\/www.cristina-flamenco.ch\/wp-content\/uploads\/2021\/04\/2017_nocheflamenca-baden_080-200x300.jpg 200w\" sizes=\"auto, (max-width: 512px) 100vw, 512px\" \/><\/figure><div class=\"wp-block-media-text__content\">\n<p class=\"has-normal-font-size\">Empec\u00e9 a la edad de 11 a\u00f1os, bailando por pe\u00f1as flamencas, verbenas y hoteles.&nbsp;<br>Realic\u00e9 estudios con grandes maestros como Mario Maya, Antonio Canales, Eva Yerbabuena y un largo etc.<br>A la edad de 18 a\u00f1os me fui a Barcelona al tablao flamenco El Cordob\u00e9s donde compart\u00ed escenarios con grandes artistas como Mercedes Ruiz, Bel\u00e9n Maya, Rosario Toledo, etc.<br>Trabaj\u00e9 en varios tablaos como El Carmen (Barcelona), Las Carboneras (Madrid), El Flamenco (Jap\u00f3n).<br>Tambi\u00e9n he trabajado en las compa\u00f1\u00edas Sara Baras y Carmen Cort\u00e9s.Actualmente doy clases en Baden: 076 562 78 93.<\/p>\n<\/div><\/div>\n","protected":false},"excerpt":{"rendered":"<p>Empec\u00e9 a la edad de 11 a\u00f1os, bailando por pe\u00f1as flamencas, verbenas y hoteles.&nbsp;Realic\u00e9 estudios con grandes maestros como Mario Maya, Antonio Canales, Eva Yerbabuena &hellip;<\/p>\n","protected":false},"author":1,"featured_media":633,"parent":0,"menu_order":150,"comment_status":"closed","ping_status":"closed","template":"","meta":{"footnotes":""},"class_list":["post-697","page","type-page","status-publish","has-post-thumbnail","hentry"],"_links":{"self":[{"href":"https:\/\/www.cristina-flamenco.ch\/es\/wp-json\/wp\/v2\/pages\/697","targetHints":{"allow":["GET"]}}],"collection":[{"href":"https:\/\/www.cristina-flamenco.ch\/es\/wp-json\/wp\/v2\/pages"}],"about":[{"href":"https:\/\/www.cristina-flamenco.ch\/es\/wp-json\/wp\/v2\/types\/page"}],"author":[{"embeddable":true,"href":"https:\/\/www.cristina-flamenco.ch\/es\/wp-json\/wp\/v2\/users\/1"}],"replies":[{"embeddable":true,"href":"https:\/\/www.cristina-flamenco.ch\/es\/wp-json\/wp\/v2\/comments?post=697"}],"version-history":[{"count":10,"href":"https:\/\/www.cristina-flamenco.ch\/es\/wp-json\/wp\/v2\/pages\/697\/revisions"}],"predecessor-version":[{"id":1283,"href":"https:\/\/www.cristina-flamenco.ch\/es\/wp-json\/wp\/v2\/pages\/697\/revisions\/1283"}],"wp:featuredmedia":[{"embeddable":true,"href":"https:\/\/www.cristina-flamenco.ch\/es\/wp-json\/wp\/v2\/media\/633"}],"wp:attachment":[{"href":"https:\/\/www.cristina-flamenco.ch\/es\/wp-json\/wp\/v2\/media?parent=697"}],"curies":[{"name":"wp","href":"https:\/\/api.w.org\/{rel}","templated":true}]}}