{"id":701,"date":"2021-03-09T16:06:36","date_gmt":"2021-03-09T16:06:36","guid":{"rendered":"https:\/\/www.cristina-flamenco.ch\/carmen-reverdin\/"},"modified":"2022-08-17T13:46:46","modified_gmt":"2022-08-17T13:46:46","slug":"carmen-reverdin","status":"publish","type":"page","link":"https:\/\/www.cristina-flamenco.ch\/es\/carmen-reverdin\/","title":{"rendered":"Carmen Reverdin"},"content":{"rendered":"\n<div class=\"wp-block-media-text alignwide is-stacked-on-mobile\"><figure class=\"wp-block-media-text__media\"><img loading=\"lazy\" decoding=\"async\" width=\"683\" height=\"1024\" src=\"https:\/\/www.cristina-flamenco.ch\/wp-content\/uploads\/2021\/04\/2018_flamencopiano_013-683x1024.jpg\" alt=\"\" class=\"wp-image-218 size-full\" srcset=\"https:\/\/www.cristina-flamenco.ch\/wp-content\/uploads\/2021\/04\/2018_flamencopiano_013-683x1024.jpg 683w, https:\/\/www.cristina-flamenco.ch\/wp-content\/uploads\/2021\/04\/2018_flamencopiano_013-200x300.jpg 200w, https:\/\/www.cristina-flamenco.ch\/wp-content\/uploads\/2021\/04\/2018_flamencopiano_013-768x1152.jpg 768w, https:\/\/www.cristina-flamenco.ch\/wp-content\/uploads\/2021\/04\/2018_flamencopiano_013-1024x1536.jpg 1024w, https:\/\/www.cristina-flamenco.ch\/wp-content\/uploads\/2021\/04\/2018_flamencopiano_013-1365x2048.jpg 1365w, https:\/\/www.cristina-flamenco.ch\/wp-content\/uploads\/2021\/04\/2018_flamencopiano_013-scaled.jpg 1707w\" sizes=\"auto, (max-width: 683px) 100vw, 683px\" \/><\/figure><div class=\"wp-block-media-text__content\">\n<p class=\"has-normal-font-size\">Carmen Reverdin estudi\u00f3 piano en el conservatorio de Z\u00farich y adem\u00e1s m\u00fasica eclesi\u00e1stica y direcci\u00f3n de coros en Stuttgart y en Z\u00farich. Despu\u00e9s de diferentes puestos de ense\u00f1anza en varias escuelas de m\u00fasica e institutos de bachiller, desde oto\u00f1o de 2019 es cantora de la iglesia evang\u00e9lica de Winterthur T\u00f6ss y se encarga de la variada actividad musical de la parroquia. Adem\u00e1s trabaja como maestra concertadora y forma parte de diferentes formaciones de m\u00fasica de c\u00e1mara. Desde hace algunos a\u00f1os baila flamenco. Flamenco-Piano surgi\u00f3 como proyecto final para obtener el diploma de master de piano en 2017. <a>carmen.reverdin@gmx.ch<\/a><\/p>\n<\/div><\/div>\n","protected":false},"excerpt":{"rendered":"<p>Carmen Reverdin estudi\u00f3 piano en el conservatorio de Z\u00farich y adem\u00e1s m\u00fasica eclesi\u00e1stica y direcci\u00f3n de coros en Stuttgart y en Z\u00farich. Despu\u00e9s de diferentes &hellip;<\/p>\n","protected":false},"author":1,"featured_media":585,"parent":0,"menu_order":110,"comment_status":"closed","ping_status":"closed","template":"","meta":{"footnotes":""},"class_list":["post-701","page","type-page","status-publish","has-post-thumbnail","hentry"],"_links":{"self":[{"href":"https:\/\/www.cristina-flamenco.ch\/es\/wp-json\/wp\/v2\/pages\/701","targetHints":{"allow":["GET"]}}],"collection":[{"href":"https:\/\/www.cristina-flamenco.ch\/es\/wp-json\/wp\/v2\/pages"}],"about":[{"href":"https:\/\/www.cristina-flamenco.ch\/es\/wp-json\/wp\/v2\/types\/page"}],"author":[{"embeddable":true,"href":"https:\/\/www.cristina-flamenco.ch\/es\/wp-json\/wp\/v2\/users\/1"}],"replies":[{"embeddable":true,"href":"https:\/\/www.cristina-flamenco.ch\/es\/wp-json\/wp\/v2\/comments?post=701"}],"version-history":[{"count":3,"href":"https:\/\/www.cristina-flamenco.ch\/es\/wp-json\/wp\/v2\/pages\/701\/revisions"}],"predecessor-version":[{"id":1270,"href":"https:\/\/www.cristina-flamenco.ch\/es\/wp-json\/wp\/v2\/pages\/701\/revisions\/1270"}],"wp:featuredmedia":[{"embeddable":true,"href":"https:\/\/www.cristina-flamenco.ch\/es\/wp-json\/wp\/v2\/media\/585"}],"wp:attachment":[{"href":"https:\/\/www.cristina-flamenco.ch\/es\/wp-json\/wp\/v2\/media?parent=701"}],"curies":[{"name":"wp","href":"https:\/\/api.w.org\/{rel}","templated":true}]}}