{"id":702,"date":"2021-03-09T16:05:54","date_gmt":"2021-03-09T16:05:54","guid":{"rendered":"https:\/\/www.cristina-flamenco.ch\/miguel-clemente\/"},"modified":"2023-10-30T19:55:35","modified_gmt":"2023-10-30T19:55:35","slug":"miguel-clemente","status":"publish","type":"page","link":"https:\/\/www.cristina-flamenco.ch\/es\/miguel-clemente\/","title":{"rendered":"Miguel Clemente"},"content":{"rendered":"\n<figure class=\"wp-block-audio\"><audio controls src=\"https:\/\/www.cristina-flamenco.ch\/wp-content\/uploads\/2021\/04\/Miguel.mp3\"><\/audio><\/figure>\n\n\n\n<div class=\"wp-block-media-text alignwide has-media-on-the-right is-stacked-on-mobile\"><figure class=\"wp-block-media-text__media\"><img loading=\"lazy\" decoding=\"async\" width=\"683\" height=\"1024\" src=\"https:\/\/www.cristina-flamenco.ch\/wp-content\/uploads\/2021\/06\/2021_06_05_firmung2_126-1-683x1024.jpg\" alt=\"\" class=\"wp-image-832 size-full\" srcset=\"https:\/\/www.cristina-flamenco.ch\/wp-content\/uploads\/2021\/06\/2021_06_05_firmung2_126-1-683x1024.jpg 683w, https:\/\/www.cristina-flamenco.ch\/wp-content\/uploads\/2021\/06\/2021_06_05_firmung2_126-1-200x300.jpg 200w, https:\/\/www.cristina-flamenco.ch\/wp-content\/uploads\/2021\/06\/2021_06_05_firmung2_126-1-768x1152.jpg 768w, https:\/\/www.cristina-flamenco.ch\/wp-content\/uploads\/2021\/06\/2021_06_05_firmung2_126-1-1024x1536.jpg 1024w, https:\/\/www.cristina-flamenco.ch\/wp-content\/uploads\/2021\/06\/2021_06_05_firmung2_126-1-1365x2048.jpg 1365w, https:\/\/www.cristina-flamenco.ch\/wp-content\/uploads\/2021\/06\/2021_06_05_firmung2_126-1-scaled.jpg 1707w\" sizes=\"auto, (max-width: 683px) 100vw, 683px\" \/><\/figure><div class=\"wp-block-media-text__content\">\n<p class=\"has-normal-font-size\">Estudios fundamentales de guitarra cl\u00e1sica y percusi\u00f3n.<br>Graduado con Menci\u00f3n de Honor en la especialidad de guitarra flamenca en el Conservatorio Profesional de M\u00fasica \u00abArturo Soria\u00bb de Madrid.<br>Estudios musicales superiores y graduado con Premio de Fin de Estudios en la especialidad de guitarra flamenca en el Conservatorio Superior de M\u00fasica Rafael Orozco de C\u00f3rdoba.<br>Clases con importantes maestros de la guitarra flamenca como Manolo Sanl\u00facar, V\u00edctor Monge \u00abSerranito\u00bb, el Viej\u00edn, Manolo Franco, Ni\u00f1o de Pura, Diego del Morao, Jes\u00fas de Rosario, Dani de Mor\u00f3n, el Entri, etc.<\/p>\n\n\n\n<p class=\"has-normal-font-size\">Colaboraciones con reconocidos artistas como Israel Fern\u00e1ndez, Enrique \u00abel Piculabe\u00bb, Jes\u00fas Castilla, Isabel Jurado, \u00c1ngel Reyes, Miriam Montes, Rebeca Ortega, Fuensanto Blanco, etc.<br>Miembro del grupo \u00abLos Tunantes\u00bb. M\u00e1ster en flamencolog\u00eda en Barcelona, Musical \u00abentre costuras\u00bb por toda Espa\u00f1a. Guitarrista con Javi Cantero, en el grupo M\u00e1cula. Actualmente Estudios musicales superiores de guitarra de Jazz en el conservatorio de Z\u00farich, ZHdK. De maestro en la escuela oficial de m\u00fasica en Lucerna, Suiza. Trabajando en diversos proyectos art\u00edsticos.<br>Email: miclelum@gmail.com \/ 00 41 76 734 25 56<\/p>\n<\/div><\/div>\n","protected":false},"excerpt":{"rendered":"<p>Estudios fundamentales de guitarra cl\u00e1sica y percusi\u00f3n.Graduado con Menci\u00f3n de Honor en la especialidad de guitarra flamenca en el Conservatorio Profesional de M\u00fasica \u00abArturo Soria\u00bb &hellip;<\/p>\n","protected":false},"author":1,"featured_media":818,"parent":0,"menu_order":140,"comment_status":"closed","ping_status":"closed","template":"","meta":{"footnotes":""},"class_list":["post-702","page","type-page","status-publish","has-post-thumbnail","hentry"],"_links":{"self":[{"href":"https:\/\/www.cristina-flamenco.ch\/es\/wp-json\/wp\/v2\/pages\/702","targetHints":{"allow":["GET"]}}],"collection":[{"href":"https:\/\/www.cristina-flamenco.ch\/es\/wp-json\/wp\/v2\/pages"}],"about":[{"href":"https:\/\/www.cristina-flamenco.ch\/es\/wp-json\/wp\/v2\/types\/page"}],"author":[{"embeddable":true,"href":"https:\/\/www.cristina-flamenco.ch\/es\/wp-json\/wp\/v2\/users\/1"}],"replies":[{"embeddable":true,"href":"https:\/\/www.cristina-flamenco.ch\/es\/wp-json\/wp\/v2\/comments?post=702"}],"version-history":[{"count":7,"href":"https:\/\/www.cristina-flamenco.ch\/es\/wp-json\/wp\/v2\/pages\/702\/revisions"}],"predecessor-version":[{"id":1628,"href":"https:\/\/www.cristina-flamenco.ch\/es\/wp-json\/wp\/v2\/pages\/702\/revisions\/1628"}],"wp:featuredmedia":[{"embeddable":true,"href":"https:\/\/www.cristina-flamenco.ch\/es\/wp-json\/wp\/v2\/media\/818"}],"wp:attachment":[{"href":"https:\/\/www.cristina-flamenco.ch\/es\/wp-json\/wp\/v2\/media?parent=702"}],"curies":[{"name":"wp","href":"https:\/\/api.w.org\/{rel}","templated":true}]}}