{"id":705,"date":"2021-03-08T14:15:28","date_gmt":"2021-03-08T14:15:28","guid":{"rendered":"https:\/\/www.cristina-flamenco.ch\/home\/projekte-home\/"},"modified":"2022-08-17T13:49:03","modified_gmt":"2022-08-17T13:49:03","slug":"proyectos-home","status":"publish","type":"page","link":"https:\/\/www.cristina-flamenco.ch\/es\/home\/proyectos-home\/","title":{"rendered":"Proyectos"},"content":{"rendered":"\n<p class=\"has-normal-font-size\"><em>Noche Flamenca<\/em>: concierto completo, tambi\u00e9n pases cortos, con programa tradicional de flamenco, m\u00fasica y baile. Con <a href=\"https:\/\/www.cristina-flamenco.ch\/es\/vicente-cortes\/\" data-type=\"page\" data-id=\"700\">Vicente Cort\u00e9s<\/a>, guitarra, <a href=\"https:\/\/www.cristina-flamenco.ch\/es\/david-luethi\/\" data-type=\"page\" data-id=\"698\">David L\u00fcthi<\/a>, percusi\u00f3n, y Cristina Haas Wilms, baile y viol\u00edn, aparte de distintos artistas invitados, como <a href=\"https:\/\/www.cristina-flamenco.ch\/es\/carmen-fernandez\/\" data-type=\"page\" data-id=\"696\">Carmen Fern\u00e1ndez<\/a>, cante, <a href=\"https:\/\/www.cristina-flamenco.ch\/es\/silvia-chanivet\/\" data-type=\"page\" data-id=\"697\">Silvia Chanivet<\/a>, baile y cante, y otros muchos artistas: flamenco con sabor total.<\/p>\n\n\n\n<figure class=\"wp-block-audio\"><audio controls src=\"https:\/\/www.cristina-flamenco.ch\/wp-content\/uploads\/2021\/05\/Farruca-Webside-Mix01.mp3\"><\/audio><\/figure>\n\n\n\n<p class=\"has-normal-font-size\"><em>Flamenco-Piano<\/em>: concierto completo, tambi\u00e9n pases cortos, con un programa de m\u00fasica cl\u00e1sica espa\u00f1ola, con obras de Alb\u00e9niz, Turina, de Falla y compositores contempor\u00e1neos, con la soprano <a href=\"https:\/\/www.cristina-flamenco.ch\/es\/flurina-ruoss\/\" data-type=\"page\" data-id=\"699\">Flurina Ruoss<\/a>, la pianista <a href=\"https:\/\/www.cristina-flamenco.ch\/es\/carmen-reverdin\/\" data-type=\"page\" data-id=\"701\">Carmen Reverdin<\/a> y Cristina Haas Wilms, baile flamenco.<\/p>\n\n\n\n<figure class=\"wp-block-audio\"><audio controls src=\"https:\/\/www.cristina-flamenco.ch\/wp-content\/uploads\/2021\/07\/Flamencopiano_Jota_Juni2021.mp3\"><\/audio><\/figure>\n\n\n\n<p class=\"has-normal-font-size\"><a href=\"https:\/\/www.cristina-flamenco.ch\/es\/proyectos\/\" data-type=\"page\">Continuar<\/a><\/p>\n","protected":false},"excerpt":{"rendered":"<p>Noche Flamenca: concierto completo, tambi\u00e9n pases cortos, con programa tradicional de flamenco, m\u00fasica y baile. Con Vicente Cort\u00e9s, guitarra, David L\u00fcthi, percusi\u00f3n, y Cristina Haas &hellip;<\/p>\n","protected":false},"author":1,"featured_media":583,"parent":692,"menu_order":0,"comment_status":"closed","ping_status":"closed","template":"","meta":{"footnotes":""},"class_list":["post-705","page","type-page","status-publish","has-post-thumbnail","hentry"],"_links":{"self":[{"href":"https:\/\/www.cristina-flamenco.ch\/es\/wp-json\/wp\/v2\/pages\/705","targetHints":{"allow":["GET"]}}],"collection":[{"href":"https:\/\/www.cristina-flamenco.ch\/es\/wp-json\/wp\/v2\/pages"}],"about":[{"href":"https:\/\/www.cristina-flamenco.ch\/es\/wp-json\/wp\/v2\/types\/page"}],"author":[{"embeddable":true,"href":"https:\/\/www.cristina-flamenco.ch\/es\/wp-json\/wp\/v2\/users\/1"}],"replies":[{"embeddable":true,"href":"https:\/\/www.cristina-flamenco.ch\/es\/wp-json\/wp\/v2\/comments?post=705"}],"version-history":[{"count":9,"href":"https:\/\/www.cristina-flamenco.ch\/es\/wp-json\/wp\/v2\/pages\/705\/revisions"}],"predecessor-version":[{"id":1278,"href":"https:\/\/www.cristina-flamenco.ch\/es\/wp-json\/wp\/v2\/pages\/705\/revisions\/1278"}],"up":[{"embeddable":true,"href":"https:\/\/www.cristina-flamenco.ch\/es\/wp-json\/wp\/v2\/pages\/692"}],"wp:featuredmedia":[{"embeddable":true,"href":"https:\/\/www.cristina-flamenco.ch\/es\/wp-json\/wp\/v2\/media\/583"}],"wp:attachment":[{"href":"https:\/\/www.cristina-flamenco.ch\/es\/wp-json\/wp\/v2\/media?parent=705"}],"curies":[{"name":"wp","href":"https:\/\/api.w.org\/{rel}","templated":true}]}}