{"id":709,"date":"2021-03-04T12:46:10","date_gmt":"2021-03-04T12:46:10","guid":{"rendered":"https:\/\/www.cristina-flamenco.ch\/aktuelles\/"},"modified":"2025-08-05T06:24:31","modified_gmt":"2025-08-05T06:24:31","slug":"actualidades","status":"publish","type":"page","link":"https:\/\/www.cristina-flamenco.ch\/es\/actualidades\/","title":{"rendered":"Actualidades"},"content":{"rendered":"\n<p class=\"has-normal-font-size\">\u2026comenzamos las clases despu\u00e9s del verano el martes 12 de agosto 2025 a las 19.30 horas en Windisch, Mova Dance Center, Bahnhofstr. 6A, 5210 Windisch! Justamente al lado de la estaci\u00f3n de Brugg! Bienvenidos a todos!<\/p>\n\n\n\n<p><\/p>\n\n\n\n<figure class=\"wp-block-image size-large\"><img loading=\"lazy\" decoding=\"async\" width=\"1024\" height=\"576\" src=\"https:\/\/www.cristina-flamenco.ch\/wp-content\/uploads\/2021\/04\/2018_flamencokaffee_060-1024x576.jpg\" alt=\"\" class=\"wp-image-253\" srcset=\"https:\/\/www.cristina-flamenco.ch\/wp-content\/uploads\/2021\/04\/2018_flamencokaffee_060-1024x576.jpg 1024w, https:\/\/www.cristina-flamenco.ch\/wp-content\/uploads\/2021\/04\/2018_flamencokaffee_060-300x169.jpg 300w, https:\/\/www.cristina-flamenco.ch\/wp-content\/uploads\/2021\/04\/2018_flamencokaffee_060-768x432.jpg 768w, https:\/\/www.cristina-flamenco.ch\/wp-content\/uploads\/2021\/04\/2018_flamencokaffee_060-1536x864.jpg 1536w, https:\/\/www.cristina-flamenco.ch\/wp-content\/uploads\/2021\/04\/2018_flamencokaffee_060-2048x1152.jpg 2048w, https:\/\/www.cristina-flamenco.ch\/wp-content\/uploads\/2021\/04\/2018_flamencokaffee_060-496x279.jpg 496w\" sizes=\"auto, (max-width: 1024px) 100vw, 1024px\" \/><\/figure>\n\n\n\n<div style=\"height:40px\" aria-hidden=\"true\" class=\"wp-block-spacer\"><\/div>\n\n\n\n<p>..y a partir del 12.8.25 nuevas coreograf\u00edas! Ca\u00f1a con mant\u00f3n y t\u00e9cnica nueva!<\/p>\n\n\n\n<div style=\"height:40px\" aria-hidden=\"true\" class=\"wp-block-spacer\"><\/div>\n\n\n\n<div class=\"wp-block-media-text is-stacked-on-mobile\" style=\"grid-template-columns:20% auto\"><figure class=\"wp-block-media-text__media\"><img loading=\"lazy\" decoding=\"async\" width=\"738\" height=\"1024\" src=\"https:\/\/www.cristina-flamenco.ch\/wp-content\/uploads\/2025\/06\/flamenco-kurse-bruno-argenta-738x1024.jpg\" alt=\"\" class=\"wp-image-1994 size-full\" srcset=\"https:\/\/www.cristina-flamenco.ch\/wp-content\/uploads\/2025\/06\/flamenco-kurse-bruno-argenta-738x1024.jpg 738w, https:\/\/www.cristina-flamenco.ch\/wp-content\/uploads\/2025\/06\/flamenco-kurse-bruno-argenta-216x300.jpg 216w, https:\/\/www.cristina-flamenco.ch\/wp-content\/uploads\/2025\/06\/flamenco-kurse-bruno-argenta-768x1065.jpg 768w, https:\/\/www.cristina-flamenco.ch\/wp-content\/uploads\/2025\/06\/flamenco-kurse-bruno-argenta-1108x1536.jpg 1108w, https:\/\/www.cristina-flamenco.ch\/wp-content\/uploads\/2025\/06\/flamenco-kurse-bruno-argenta-1477x2048.jpg 1477w, https:\/\/www.cristina-flamenco.ch\/wp-content\/uploads\/2025\/06\/flamenco-kurse-bruno-argenta.jpg 1686w\" sizes=\"auto, (max-width: 738px) 100vw, 738px\" \/><\/figure><div class=\"wp-block-media-text__content\">\n<p><a href=\"https:\/\/www.cristina-flamenco.ch\/wp-content\/uploads\/2025\/06\/Bruno-Argenta-2025-Sommer-Herbst.pdf\" data-type=\"attachment\" data-id=\"1600\" target=\"_blank\" rel=\"noreferrer noopener\">Curso de flamenco con Bruno Argenta<\/a><\/p>\n\n\n\n<p>Verano\/Oto\u00f1o 25<\/p>\n<\/div><\/div>\n","protected":false},"excerpt":{"rendered":"<p>\u2026comenzamos las clases despu\u00e9s del verano el martes 12 de agosto 2025 a las 19.30 horas en Windisch, Mova Dance Center, Bahnhofstr. 6A, 5210 Windisch! &hellip;<\/p>\n","protected":false},"author":1,"featured_media":576,"parent":0,"menu_order":10,"comment_status":"closed","ping_status":"closed","template":"","meta":{"footnotes":""},"class_list":["post-709","page","type-page","status-publish","has-post-thumbnail","hentry"],"_links":{"self":[{"href":"https:\/\/www.cristina-flamenco.ch\/es\/wp-json\/wp\/v2\/pages\/709","targetHints":{"allow":["GET"]}}],"collection":[{"href":"https:\/\/www.cristina-flamenco.ch\/es\/wp-json\/wp\/v2\/pages"}],"about":[{"href":"https:\/\/www.cristina-flamenco.ch\/es\/wp-json\/wp\/v2\/types\/page"}],"author":[{"embeddable":true,"href":"https:\/\/www.cristina-flamenco.ch\/es\/wp-json\/wp\/v2\/users\/1"}],"replies":[{"embeddable":true,"href":"https:\/\/www.cristina-flamenco.ch\/es\/wp-json\/wp\/v2\/comments?post=709"}],"version-history":[{"count":73,"href":"https:\/\/www.cristina-flamenco.ch\/es\/wp-json\/wp\/v2\/pages\/709\/revisions"}],"predecessor-version":[{"id":2022,"href":"https:\/\/www.cristina-flamenco.ch\/es\/wp-json\/wp\/v2\/pages\/709\/revisions\/2022"}],"wp:featuredmedia":[{"embeddable":true,"href":"https:\/\/www.cristina-flamenco.ch\/es\/wp-json\/wp\/v2\/media\/576"}],"wp:attachment":[{"href":"https:\/\/www.cristina-flamenco.ch\/es\/wp-json\/wp\/v2\/media?parent=709"}],"curies":[{"name":"wp","href":"https:\/\/api.w.org\/{rel}","templated":true}]}}