{"id":710,"date":"2021-03-04T12:45:08","date_gmt":"2021-03-04T12:45:08","guid":{"rendered":"https:\/\/www.cristina-flamenco.ch\/projekte\/"},"modified":"2022-08-17T13:49:42","modified_gmt":"2022-08-17T13:49:42","slug":"proyectos","status":"publish","type":"page","link":"https:\/\/www.cristina-flamenco.ch\/es\/proyectos\/","title":{"rendered":"Proyectos"},"content":{"rendered":"\n<p class=\"has-normal-font-size\"><em>Noche Flamenca<\/em>: concierto completo, tambi\u00e9n pases cortos, con programa tradicional de flamenco, m\u00fasica y baile. Con <a href=\"https:\/\/www.cristina-flamenco.ch\/es\/vicente-cortes\/\" data-type=\"page\" data-id=\"700\">Vicente Cort\u00e9s<\/a>, guitarra, <a href=\"https:\/\/www.cristina-flamenco.ch\/es\/david-luethi\/\" data-type=\"page\" data-id=\"698\">David L\u00fcthi<\/a>, percusi\u00f3n, y Cristina Haas Wilms, baile y viol\u00edn, aparte de distintos artistas invitados, como <a href=\"https:\/\/www.cristina-flamenco.ch\/es\/carmen-fernandez\/\" data-type=\"page\" data-id=\"696\">Carmen Fern\u00e1ndez<\/a>, cante, <a href=\"https:\/\/www.cristina-flamenco.ch\/es\/silvia-chanivet\/\" data-type=\"page\" data-id=\"697\">Silvia Chanivet<\/a>, baile y cante, y otros muchos artistas: flamenco con sabor total.<\/p>\n\n\n\n<figure class=\"wp-block-audio\"><audio controls src=\"https:\/\/www.cristina-flamenco.ch\/wp-content\/uploads\/2021\/04\/Tangos-Falceta-12-03-21.mp3\"><\/audio><\/figure>\n\n\n\n<figure class=\"wp-block-gallery columns-3 is-cropped wp-block-gallery-1 is-layout-flex wp-block-gallery-is-layout-flex\"><ul class=\"blocks-gallery-grid\"><li class=\"blocks-gallery-item\"><figure><img loading=\"lazy\" decoding=\"async\" width=\"683\" height=\"1024\" src=\"https:\/\/www.cristina-flamenco.ch\/wp-content\/uploads\/2021\/04\/2016_tarde_flamenca_basel__21-683x1024.jpg\" alt=\"\" data-id=\"289\" data-link=\"https:\/\/www.cristina-flamenco.ch\/projekte\/2016_tarde_flamenca_basel__21-2\/\" class=\"wp-image-611\" srcset=\"https:\/\/www.cristina-flamenco.ch\/wp-content\/uploads\/2021\/04\/2016_tarde_flamenca_basel__21-683x1024.jpg 683w, https:\/\/www.cristina-flamenco.ch\/wp-content\/uploads\/2021\/04\/2016_tarde_flamenca_basel__21-200x300.jpg 200w, https:\/\/www.cristina-flamenco.ch\/wp-content\/uploads\/2021\/04\/2016_tarde_flamenca_basel__21-768x1152.jpg 768w, https:\/\/www.cristina-flamenco.ch\/wp-content\/uploads\/2021\/04\/2016_tarde_flamenca_basel__21-1024x1536.jpg 1024w, https:\/\/www.cristina-flamenco.ch\/wp-content\/uploads\/2021\/04\/2016_tarde_flamenca_basel__21-1365x2048.jpg 1365w, https:\/\/www.cristina-flamenco.ch\/wp-content\/uploads\/2021\/04\/2016_tarde_flamenca_basel__21.jpg 1600w\" sizes=\"auto, (max-width: 683px) 100vw, 683px\" \/><\/figure><\/li><li class=\"blocks-gallery-item\"><figure><img loading=\"lazy\" decoding=\"async\" width=\"683\" height=\"1024\" src=\"https:\/\/www.cristina-flamenco.ch\/wp-content\/uploads\/2021\/04\/2015_nocheflamenca_primavista__12-683x1024.jpg\" alt=\"\" data-id=\"290\" data-link=\"https:\/\/www.cristina-flamenco.ch\/projekte\/2015_nocheflamenca_primavista__12\/\" class=\"wp-image-290\" srcset=\"https:\/\/www.cristina-flamenco.ch\/wp-content\/uploads\/2021\/04\/2015_nocheflamenca_primavista__12-683x1024.jpg 683w, https:\/\/www.cristina-flamenco.ch\/wp-content\/uploads\/2021\/04\/2015_nocheflamenca_primavista__12-200x300.jpg 200w, https:\/\/www.cristina-flamenco.ch\/wp-content\/uploads\/2021\/04\/2015_nocheflamenca_primavista__12-768x1152.jpg 768w, https:\/\/www.cristina-flamenco.ch\/wp-content\/uploads\/2021\/04\/2015_nocheflamenca_primavista__12-1024x1536.jpg 1024w, https:\/\/www.cristina-flamenco.ch\/wp-content\/uploads\/2021\/04\/2015_nocheflamenca_primavista__12-1365x2048.jpg 1365w, https:\/\/www.cristina-flamenco.ch\/wp-content\/uploads\/2021\/04\/2015_nocheflamenca_primavista__12-scaled.jpg 1707w\" sizes=\"auto, (max-width: 683px) 100vw, 683px\" \/><\/figure><\/li><li class=\"blocks-gallery-item\"><figure><img loading=\"lazy\" decoding=\"async\" width=\"683\" height=\"1024\" src=\"https:\/\/www.cristina-flamenco.ch\/wp-content\/uploads\/2021\/04\/2017_nocheflamenca-baden_160-683x1024.jpg\" alt=\"\" data-id=\"291\" data-link=\"https:\/\/www.cristina-flamenco.ch\/projekte\/2017_nocheflamenca-baden_160\/\" class=\"wp-image-613\" srcset=\"https:\/\/www.cristina-flamenco.ch\/wp-content\/uploads\/2021\/04\/2017_nocheflamenca-baden_160-683x1024.jpg 683w, https:\/\/www.cristina-flamenco.ch\/wp-content\/uploads\/2021\/04\/2017_nocheflamenca-baden_160-200x300.jpg 200w, https:\/\/www.cristina-flamenco.ch\/wp-content\/uploads\/2021\/04\/2017_nocheflamenca-baden_160-768x1152.jpg 768w, https:\/\/www.cristina-flamenco.ch\/wp-content\/uploads\/2021\/04\/2017_nocheflamenca-baden_160-1024x1536.jpg 1024w, https:\/\/www.cristina-flamenco.ch\/wp-content\/uploads\/2021\/04\/2017_nocheflamenca-baden_160-1366x2048.jpg 1366w, https:\/\/www.cristina-flamenco.ch\/wp-content\/uploads\/2021\/04\/2017_nocheflamenca-baden_160.jpg 1667w\" sizes=\"auto, (max-width: 683px) 100vw, 683px\" \/><\/figure><\/li><li class=\"blocks-gallery-item\"><figure><img loading=\"lazy\" decoding=\"async\" width=\"1024\" height=\"683\" src=\"https:\/\/www.cristina-flamenco.ch\/wp-content\/uploads\/2021\/04\/2019_11_noche-flamenca_103-1024x683.jpg\" alt=\"\" data-id=\"292\" data-full-url=\"https:\/\/www.cristina-flamenco.ch\/wp-content\/uploads\/2021\/04\/2019_11_noche-flamenca_103-scaled.jpg\" data-link=\"https:\/\/www.cristina-flamenco.ch\/projekte\/2019_11_noche-flamenca_103\/\" class=\"wp-image-292\" srcset=\"https:\/\/www.cristina-flamenco.ch\/wp-content\/uploads\/2021\/04\/2019_11_noche-flamenca_103-1024x683.jpg 1024w, https:\/\/www.cristina-flamenco.ch\/wp-content\/uploads\/2021\/04\/2019_11_noche-flamenca_103-300x200.jpg 300w, https:\/\/www.cristina-flamenco.ch\/wp-content\/uploads\/2021\/04\/2019_11_noche-flamenca_103-768x512.jpg 768w, https:\/\/www.cristina-flamenco.ch\/wp-content\/uploads\/2021\/04\/2019_11_noche-flamenca_103-1536x1024.jpg 1536w, https:\/\/www.cristina-flamenco.ch\/wp-content\/uploads\/2021\/04\/2019_11_noche-flamenca_103-2048x1365.jpg 2048w, https:\/\/www.cristina-flamenco.ch\/wp-content\/uploads\/2021\/04\/2019_11_noche-flamenca_103-450x300.jpg 450w\" sizes=\"auto, (max-width: 1024px) 100vw, 1024px\" \/><\/figure><\/li><\/ul><\/figure>\n\n\n\n<p class=\"has-normal-font-size\"><em>Flamenco-Piano<\/em>:<em>&nbsp;<\/em>concierto completo, tambi\u00e9n pases cortos, con un programa de m\u00fasica cl\u00e1sica espa\u00f1ola, con obras de Alb\u00e9niz, Turina, de Falla y compositores contempor\u00e1neos, con la soprano <a href=\"https:\/\/www.cristina-flamenco.ch\/es\/flurina-ruoss\/\" data-type=\"page\" data-id=\"699\">Flurina Ruoss<\/a>, la pianista <a href=\"https:\/\/www.cristina-flamenco.ch\/es\/carmen-reverdin\/\" data-type=\"page\" data-id=\"701\">Carmen Reverdin<\/a> y Cristina Haas Wilms, baile flamenco.<\/p>\n\n\n\n<figure class=\"wp-block-audio\"><audio controls src=\"https:\/\/www.cristina-flamenco.ch\/wp-content\/uploads\/2021\/07\/Asturia_Flamencopiano_Zusammenschnitt_Juni2021.mp3\"><\/audio><\/figure>\n\n\n\n<figure class=\"wp-block-gallery has-nested-images columns-default is-cropped wp-block-gallery-2 is-layout-flex wp-block-gallery-is-layout-flex\">\n<figure class=\"wp-block-image size-large\"><img loading=\"lazy\" decoding=\"async\" width=\"683\" height=\"1024\" data-id=\"294\" src=\"https:\/\/www.cristina-flamenco.ch\/wp-content\/uploads\/2021\/04\/2018_flamencopiano_012-683x1024.jpg\" alt=\"\" class=\"wp-image-294\" srcset=\"https:\/\/www.cristina-flamenco.ch\/wp-content\/uploads\/2021\/04\/2018_flamencopiano_012-683x1024.jpg 683w, https:\/\/www.cristina-flamenco.ch\/wp-content\/uploads\/2021\/04\/2018_flamencopiano_012-200x300.jpg 200w, https:\/\/www.cristina-flamenco.ch\/wp-content\/uploads\/2021\/04\/2018_flamencopiano_012-768x1152.jpg 768w, https:\/\/www.cristina-flamenco.ch\/wp-content\/uploads\/2021\/04\/2018_flamencopiano_012-1024x1536.jpg 1024w, https:\/\/www.cristina-flamenco.ch\/wp-content\/uploads\/2021\/04\/2018_flamencopiano_012-1365x2048.jpg 1365w, https:\/\/www.cristina-flamenco.ch\/wp-content\/uploads\/2021\/04\/2018_flamencopiano_012-scaled.jpg 1707w\" sizes=\"auto, (max-width: 683px) 100vw, 683px\" \/><\/figure>\n\n\n\n<figure class=\"wp-block-image size-large\"><img loading=\"lazy\" decoding=\"async\" width=\"683\" height=\"1024\" data-id=\"296\" src=\"https:\/\/www.cristina-flamenco.ch\/wp-content\/uploads\/2021\/04\/2018_flamencopiano_057-683x1024.jpg\" alt=\"\" class=\"wp-image-296\" srcset=\"https:\/\/www.cristina-flamenco.ch\/wp-content\/uploads\/2021\/04\/2018_flamencopiano_057-683x1024.jpg 683w, https:\/\/www.cristina-flamenco.ch\/wp-content\/uploads\/2021\/04\/2018_flamencopiano_057-200x300.jpg 200w, https:\/\/www.cristina-flamenco.ch\/wp-content\/uploads\/2021\/04\/2018_flamencopiano_057-768x1152.jpg 768w, https:\/\/www.cristina-flamenco.ch\/wp-content\/uploads\/2021\/04\/2018_flamencopiano_057-1024x1536.jpg 1024w, https:\/\/www.cristina-flamenco.ch\/wp-content\/uploads\/2021\/04\/2018_flamencopiano_057-1365x2048.jpg 1365w, https:\/\/www.cristina-flamenco.ch\/wp-content\/uploads\/2021\/04\/2018_flamencopiano_057-scaled.jpg 1707w\" sizes=\"auto, (max-width: 683px) 100vw, 683px\" \/><\/figure>\n\n\n\n<figure class=\"wp-block-image size-large\"><img loading=\"lazy\" decoding=\"async\" width=\"1024\" height=\"1024\" data-id=\"298\" src=\"https:\/\/www.cristina-flamenco.ch\/wp-content\/uploads\/2021\/04\/2018_flamencopiano_109-1024x1024.jpg\" alt=\"\" class=\"wp-image-298\" srcset=\"https:\/\/www.cristina-flamenco.ch\/wp-content\/uploads\/2021\/04\/2018_flamencopiano_109-1024x1024.jpg 1024w, https:\/\/www.cristina-flamenco.ch\/wp-content\/uploads\/2021\/04\/2018_flamencopiano_109-300x300.jpg 300w, https:\/\/www.cristina-flamenco.ch\/wp-content\/uploads\/2021\/04\/2018_flamencopiano_109-150x150.jpg 150w, https:\/\/www.cristina-flamenco.ch\/wp-content\/uploads\/2021\/04\/2018_flamencopiano_109-768x768.jpg 768w, https:\/\/www.cristina-flamenco.ch\/wp-content\/uploads\/2021\/04\/2018_flamencopiano_109-1536x1536.jpg 1536w, https:\/\/www.cristina-flamenco.ch\/wp-content\/uploads\/2021\/04\/2018_flamencopiano_109-2048x2048.jpg 2048w\" sizes=\"auto, (max-width: 1024px) 100vw, 1024px\" \/><\/figure>\n<\/figure>\n\n\n\n<figure class=\"wp-block-audio\"><audio controls src=\"https:\/\/www.cristina-flamenco.ch\/wp-content\/uploads\/2021\/07\/Flamencopiano_Pano_moruno_Juni2021.mp3\"><\/audio><\/figure>\n","protected":false},"excerpt":{"rendered":"<p>Noche Flamenca: concierto completo, tambi\u00e9n pases cortos, con programa tradicional de flamenco, m\u00fasica y baile. Con Vicente Cort\u00e9s, guitarra, David L\u00fcthi, percusi\u00f3n, y Cristina Haas &hellip;<\/p>\n","protected":false},"author":1,"featured_media":578,"parent":0,"menu_order":30,"comment_status":"closed","ping_status":"closed","template":"","meta":{"footnotes":""},"class_list":["post-710","page","type-page","status-publish","has-post-thumbnail","hentry"],"_links":{"self":[{"href":"https:\/\/www.cristina-flamenco.ch\/es\/wp-json\/wp\/v2\/pages\/710","targetHints":{"allow":["GET"]}}],"collection":[{"href":"https:\/\/www.cristina-flamenco.ch\/es\/wp-json\/wp\/v2\/pages"}],"about":[{"href":"https:\/\/www.cristina-flamenco.ch\/es\/wp-json\/wp\/v2\/types\/page"}],"author":[{"embeddable":true,"href":"https:\/\/www.cristina-flamenco.ch\/es\/wp-json\/wp\/v2\/users\/1"}],"replies":[{"embeddable":true,"href":"https:\/\/www.cristina-flamenco.ch\/es\/wp-json\/wp\/v2\/comments?post=710"}],"version-history":[{"count":6,"href":"https:\/\/www.cristina-flamenco.ch\/es\/wp-json\/wp\/v2\/pages\/710\/revisions"}],"predecessor-version":[{"id":1281,"href":"https:\/\/www.cristina-flamenco.ch\/es\/wp-json\/wp\/v2\/pages\/710\/revisions\/1281"}],"wp:featuredmedia":[{"embeddable":true,"href":"https:\/\/www.cristina-flamenco.ch\/es\/wp-json\/wp\/v2\/media\/578"}],"wp:attachment":[{"href":"https:\/\/www.cristina-flamenco.ch\/es\/wp-json\/wp\/v2\/media?parent=710"}],"curies":[{"name":"wp","href":"https:\/\/api.w.org\/{rel}","templated":true}]}}